{"id":460,"date":"2018-12-05T22:28:15","date_gmt":"2018-12-05T22:28:15","guid":{"rendered":"https:\/\/i4t.ca\/?page_id=460"},"modified":"2018-12-05T22:28:15","modified_gmt":"2018-12-05T22:28:15","slug":"sites-web","status":"publish","type":"page","link":"https:\/\/i4t.ca\/fr\/sites-web\/","title":{"rendered":"SITES WEB"},"content":{"rendered":"<div id=\"dslc-content\" class=\"dslc-content dslc-clearfix\"><div id=\"dslc-main\">\r\n\t\t\t<div  class=\"dslc-modules-section  dslc-full \" style=\"margin-bottom:40px;padding-bottom:0px;padding-top:0px;\" data-section-id=\"09f67375a34\">\r\n\t\t\t\t\r\n\t\t\t\t\r\n\t\t\t\t<div class=\"dslc-modules-section-wrapper dslc-clearfix\"><style type=\"text\/css\" id=\"dslca-modules-area-\"><\/style><div  class=\"dslc-modules-area dslc-col dslc-12-col dslc-last-col\" data-size=\"12\" data-valign=\"\" data-modules-area-id=\"\" >\r\n\t\t<div id=\"dslc-module-aa0cecf5720\" class=\"dslc-module-front dslc-module-DSLC_Image dslc-in-viewport-check dslc-in-viewport-anim-none  dslc-col dslc-12-col dslc-last-col  dslc-module-handle-like-regular \" data-module-id=\"aa0cecf5720\" data-module=\"DSLC_Image\" data-dslc-module-size=\"12\" data-dslc-anim=\"none\" data-dslc-anim-delay=\"\" data-dslc-anim-duration=\"650\"  data-dslc-anim-easing=\"ease\" data-dslc-preset=\"none\" >\r\n\r\n\t\t\t\r\n\t\t\t\r\n\t\t\t\t<div class=\"dslc-image-container\">\n\t\t<div class=\"dslc-image\">\n\n\t\t\t\n\t\t\t\t\n\t\t\t\t\t\t\t\t\t<img src=\"https:\/\/i4t.ca\/wp-content\/uploads\/2018\/12\/banner_web_design.jpg\" alt=\"\" title=\"\" srcset=\"https:\/\/i4t.ca\/wp-content\/uploads\/2018\/12\/banner_web_design.jpg 1920w, https:\/\/i4t.ca\/wp-content\/uploads\/2018\/12\/banner_web_design-300x63.jpg 300w, https:\/\/i4t.ca\/wp-content\/uploads\/2018\/12\/banner_web_design-768x160.jpg 768w, https:\/\/i4t.ca\/wp-content\/uploads\/2018\/12\/banner_web_design-1024x213.jpg 1024w, https:\/\/i4t.ca\/wp-content\/uploads\/2018\/12\/banner_web_design-680x142.jpg 680w, https:\/\/i4t.ca\/wp-content\/uploads\/2018\/12\/banner_web_design-540x113.jpg 540w\" sizes=\"(max-width: 1920px) 100vw, 1920px\" \/>\n\t\t\t\t\n\t\t\t\t\t\t\t\t\t<\/div><!-- .dslc-image -->\n\t\t<\/div>\n\t\t\r\n\t\t\t\t<\/div><!-- .dslc-module -->\r\n\t\t<\/div><\/div><\/div>\r\n\t\t\t<div  class=\"dslc-modules-section \" style=\"margin-bottom:40px;padding-bottom:0px;padding-top:0px;\" data-section-id=\"f6e1be464df\">\r\n\t\t\t\t\r\n\t\t\t\t\r\n\t\t\t\t<div class=\"dslc-modules-section-wrapper dslc-clearfix\"><style type=\"text\/css\" id=\"dslca-modules-area-\"><\/style><div  class=\"dslc-modules-area dslc-col dslc-12-col dslc-last-col\" data-size=\"12\" data-valign=\"\" data-modules-area-id=\"\" >\r\n\t\t<div id=\"dslc-module-cd31c418817\" class=\"dslc-module-front dslc-module-DSLC_Text_Simple dslc-in-viewport-check dslc-in-viewport-anim-none  dslc-col dslc-12-col dslc-last-col  dslc-module-handle-like-regular \" data-module-id=\"cd31c418817\" data-module=\"DSLC_Text_Simple\" data-dslc-module-size=\"12\" data-dslc-anim=\"none\" data-dslc-anim-delay=\"\" data-dslc-anim-duration=\"650\"  data-dslc-anim-easing=\"ease\" data-dslc-preset=\"none\" >\r\n\r\n\t\t\t\r\n\t\t\t\r\n\t\t\n\t\t<div class=\"dslc-text-module-content\">\n\t\t\t<h1>Conception web & d\u00e9veloppement d\u2019applications<\/h1><p><br>Que votre objectif est de fournir des informations sur votre entreprise, de vendre des produits en ligne ou de cr\u00e9er un portail personnalis\u00e9 qui se connecte \u00e0 vos clients, nous pouvons vous aider. i4Web d\u00e9veloppe des sites web et des applications web rentables, conviviaux et \u00e0 fort impact qui r\u00e9pondent \u00e0 vos besoins.\u00a0 Tous nos projets de d\u00e9veloppement web offrent un design personnalis\u00e9 et adaptatif, une compatibilit\u00e9 crois\u00e9e avec les navigateurs et une int\u00e9gration multiplateforme qui \u00e9voluera avec votre entreprise.<\/p>\t\t<\/div>\n\n\t\t\r\n\t\t\t\t<\/div><!-- .dslc-module -->\r\n\t\t<\/div><\/div><\/div>\r\n\t\t\t<div  class=\"dslc-modules-section \" style=\"margin-bottom:40px;padding-bottom:0px;padding-top:0px;\" data-section-id=\"ecb1f07492b\">\r\n\t\t\t\t\r\n\t\t\t\t\r\n\t\t\t\t<div class=\"dslc-modules-section-wrapper dslc-clearfix\"><style type=\"text\/css\" id=\"dslca-modules-area-\"><\/style><div  class=\"dslc-modules-area dslc-col dslc-12-col dslc-last-col\" data-size=\"12\" data-valign=\"\" data-modules-area-id=\"\" >\r\n\t\t<div id=\"dslc-module-b80dbdb6166\" class=\"dslc-module-front dslc-module-DSLC_Image dslc-in-viewport-check dslc-in-viewport-anim-none  dslc-col dslc-12-col dslc-last-col  dslc-module-handle-like-regular \" data-module-id=\"b80dbdb6166\" data-module=\"DSLC_Image\" data-dslc-module-size=\"12\" data-dslc-anim=\"none\" data-dslc-anim-delay=\"\" data-dslc-anim-duration=\"650\"  data-dslc-anim-easing=\"ease\" data-dslc-preset=\"none\" >\r\n\r\n\t\t\t\r\n\t\t\t\r\n\t\t\t\t<div class=\"dslc-image-container\">\n\t\t<div class=\"dslc-image\">\n\n\t\t\t\n\t\t\t\t\n\t\t\t\t\t\t\t\t\t<img src=\"https:\/\/i4t.ca\/wp-content\/uploads\/2019\/08\/sub_photo5.jpg\" alt=\"\" title=\"\" srcset=\"https:\/\/i4t.ca\/wp-content\/uploads\/2019\/08\/sub_photo5.jpg 1170w, https:\/\/i4t.ca\/wp-content\/uploads\/2019\/08\/sub_photo5-300x64.jpg 300w, https:\/\/i4t.ca\/wp-content\/uploads\/2019\/08\/sub_photo5-768x164.jpg 768w, https:\/\/i4t.ca\/wp-content\/uploads\/2019\/08\/sub_photo5-1024x219.jpg 1024w, https:\/\/i4t.ca\/wp-content\/uploads\/2019\/08\/sub_photo5-680x145.jpg 680w, https:\/\/i4t.ca\/wp-content\/uploads\/2019\/08\/sub_photo5-540x115.jpg 540w\" sizes=\"(max-width: 1170px) 100vw, 1170px\" \/>\n\t\t\t\t\n\t\t\t\t\t\t\t\t\t<\/div><!-- .dslc-image -->\n\t\t<\/div>\n\t\t\r\n\t\t\t\t<\/div><!-- .dslc-module -->\r\n\t\t<\/div><\/div><\/div>\r\n\t\t\t<div  class=\"dslc-modules-section \" style=\"margin-bottom:40px;padding-bottom:0px;padding-top:0px;\" data-section-id=\"6a52dcc99ed\">\r\n\t\t\t\t\r\n\t\t\t\t\r\n\t\t\t\t<div class=\"dslc-modules-section-wrapper dslc-clearfix\"><style type=\"text\/css\" id=\"dslca-modules-area-\"><\/style><div  class=\"dslc-modules-area dslc-col dslc-12-col dslc-last-col\" data-size=\"12\" data-valign=\"\" data-modules-area-id=\"\" >\r\n\t\t<div id=\"dslc-module-40d72f1002f\" class=\"dslc-module-front dslc-module-DSLC_Text_Simple dslc-in-viewport-check dslc-in-viewport-anim-none  dslc-col dslc-12-col dslc-last-col  dslc-module-handle-like-regular \" data-module-id=\"40d72f1002f\" data-module=\"DSLC_Text_Simple\" data-dslc-module-size=\"12\" data-dslc-anim=\"none\" data-dslc-anim-delay=\"\" data-dslc-anim-duration=\"650\"  data-dslc-anim-easing=\"ease\" data-dslc-preset=\"none\" >\r\n\r\n\t\t\t\r\n\t\t\t\r\n\t\t\n\t\t<div class=\"dslc-text-module-content\">\n\t\t\t<h1 style=\"text-align: center;\">R\u00e9f\u00e9rences<\/h1><h2 style=\"text-align: left;\"><a href=\"http:\/\/hunterexpositions.com\/en\/\" target=\"_blank\" rel=\"noopener\">Hunter Expositions<\/a> - M. Gery Hunter<\/h2><p style=\"text-align: justify;\">\"J'ai eu l'occasion de travailler sur plusieurs projets avec diff\u00e9rents membres de l'\u00e9quipe de i4 Technologies. Chaque projet a \u00e9t\u00e9 achev\u00e9 avec succ\u00e8s \u00e0 notre satisfaction, puis un peu plus dans chaque cas. C\u2019est un plaisir de travailler avec les membres cl\u00e9 de l\u2019\u00e9quipe. Ils se chargent d\u2019expliquer clairement les d\u00e9tails et les attentes pour chaque phase de nos projets. En tant que tel, nous avons pr\u00e9vu d\u2019autres projets avec eux et nous attendons de poursuivre cette relation \u00e0 mesure que nous progressons.\"<\/p><p style=\"text-align: left;\"><a href=\"https:\/\/i4t.ca\/fr\/temoignages\/\"><strong>LIRE PLUS DE T\u00c9MOIGNAGES +<\/strong><\/a><\/p>\t\t<\/div>\n\n\t\t\r\n\t\t\t\t<\/div><!-- .dslc-module -->\r\n\t\t<\/div><\/div><\/div><\/div><\/div>","protected":false},"excerpt":{"rendered":"<p>Conception web &#038; d\u00e9veloppement d\u2019applicationsQue votre objectif est de fournir des informations sur votre entreprise, de vendre des produits en ligne ou de cr\u00e9er un portail personnalis\u00e9 qui se connecte&nbsp;[&hellip;]<\/p>\n","protected":false},"author":1,"featured_media":0,"parent":0,"menu_order":0,"comment_status":"closed","ping_status":"closed","template":"page-templates\/page_builder.php","meta":{"footnotes":""},"class_list":["post-460","page","type-page","status-publish","hentry","clearfix"],"_links":{"self":[{"href":"https:\/\/i4t.ca\/fr\/wp-json\/wp\/v2\/pages\/460","targetHints":{"allow":["GET"]}}],"collection":[{"href":"https:\/\/i4t.ca\/fr\/wp-json\/wp\/v2\/pages"}],"about":[{"href":"https:\/\/i4t.ca\/fr\/wp-json\/wp\/v2\/types\/page"}],"author":[{"embeddable":true,"href":"https:\/\/i4t.ca\/fr\/wp-json\/wp\/v2\/users\/1"}],"replies":[{"embeddable":true,"href":"https:\/\/i4t.ca\/fr\/wp-json\/wp\/v2\/comments?post=460"}],"version-history":[{"count":0,"href":"https:\/\/i4t.ca\/fr\/wp-json\/wp\/v2\/pages\/460\/revisions"}],"wp:attachment":[{"href":"https:\/\/i4t.ca\/fr\/wp-json\/wp\/v2\/media?parent=460"}],"curies":[{"name":"wp","href":"https:\/\/api.w.org\/{rel}","templated":true}]}}