{"id":466,"date":"2018-12-05T22:28:59","date_gmt":"2018-12-05T22:28:59","guid":{"rendered":"https:\/\/i4t.ca\/?page_id=466"},"modified":"2018-12-05T22:28:59","modified_gmt":"2018-12-05T22:28:59","slug":"notre-equipe","status":"publish","type":"page","link":"https:\/\/i4t.ca\/fr\/notre-equipe\/","title":{"rendered":"NOTRE \u00c9QUIPE"},"content":{"rendered":"<div id=\"dslc-content\" class=\"dslc-content dslc-clearfix\"><div id=\"dslc-main\">\r\n\t\t\t<div  class=\"dslc-modules-section  dslc-full \" style=\"margin-bottom:40px;padding-bottom:0px;padding-top:0px;\" data-section-id=\"777a309176f\">\r\n\t\t\t\t\r\n\t\t\t\t\r\n\t\t\t\t<div class=\"dslc-modules-section-wrapper dslc-clearfix\"><style type=\"text\/css\" id=\"dslca-modules-area-\"><\/style><div  class=\"dslc-modules-area dslc-col dslc-12-col dslc-last-col\" data-size=\"12\" data-valign=\"\" data-modules-area-id=\"\" >\r\n\t\t<div id=\"dslc-module-c55ac63c4d3\" class=\"dslc-module-front dslc-module-DSLC_Image dslc-in-viewport-check dslc-in-viewport-anim-none  dslc-col dslc-12-col dslc-last-col  dslc-module-handle-like-regular \" data-module-id=\"c55ac63c4d3\" data-module=\"DSLC_Image\" data-dslc-module-size=\"12\" data-dslc-anim=\"none\" data-dslc-anim-delay=\"\" data-dslc-anim-duration=\"650\"  data-dslc-anim-easing=\"ease\" data-dslc-preset=\"none\" >\r\n\r\n\t\t\t\r\n\t\t\t\r\n\t\t\t\t<div class=\"dslc-image-container\">\n\t\t<div class=\"dslc-image\">\n\n\t\t\t\n\t\t\t\t\n\t\t\t\t\t\t\t\t\t<img src=\"https:\/\/i4t.ca\/wp-content\/uploads\/2019\/08\/banner_team.jpg\" alt=\"\" title=\"\" srcset=\"https:\/\/i4t.ca\/wp-content\/uploads\/2019\/08\/banner_team.jpg 1920w, https:\/\/i4t.ca\/wp-content\/uploads\/2019\/08\/banner_team-300x63.jpg 300w, https:\/\/i4t.ca\/wp-content\/uploads\/2019\/08\/banner_team-768x160.jpg 768w, https:\/\/i4t.ca\/wp-content\/uploads\/2019\/08\/banner_team-1024x213.jpg 1024w, https:\/\/i4t.ca\/wp-content\/uploads\/2019\/08\/banner_team-680x142.jpg 680w, https:\/\/i4t.ca\/wp-content\/uploads\/2019\/08\/banner_team-540x113.jpg 540w\" sizes=\"(max-width: 1920px) 100vw, 1920px\" \/>\n\t\t\t\t\n\t\t\t\t\t\t\t\t\t<\/div><!-- .dslc-image -->\n\t\t<\/div>\n\t\t\r\n\t\t\t\t<\/div><!-- .dslc-module -->\r\n\t\t<\/div><\/div><\/div>\r\n\t\t\t<div  class=\"dslc-modules-section \" style=\"margin-bottom:40px;padding-bottom:0px;padding-top:0px;\" data-section-id=\"e7dbe4e82d4\">\r\n\t\t\t\t\r\n\t\t\t\t\r\n\t\t\t\t<div class=\"dslc-modules-section-wrapper dslc-clearfix\"><style type=\"text\/css\" id=\"dslca-modules-area-\"><\/style><div  class=\"dslc-modules-area dslc-col dslc-12-col dslc-last-col\" data-size=\"12\" data-valign=\"\" data-modules-area-id=\"\" >\r\n\t\t<div id=\"dslc-module-8071dfe1394\" class=\"dslc-module-front dslc-module-DSLC_Text_Simple dslc-in-viewport-check dslc-in-viewport-anim-none  dslc-col dslc-12-col dslc-last-col  dslc-module-handle-like-regular \" data-module-id=\"8071dfe1394\" data-module=\"DSLC_Text_Simple\" data-dslc-module-size=\"12\" data-dslc-anim=\"none\" data-dslc-anim-delay=\"\" data-dslc-anim-duration=\"650\"  data-dslc-anim-easing=\"ease\" data-dslc-preset=\"none\" >\r\n\r\n\t\t\t\r\n\t\t\t\r\n\t\t\n\t\t<div class=\"dslc-text-module-content\">\n\t\t\t<h1>Notre \u00c9quipe<\/h1><h2>Les solutions informatiques vont et viennent mais nos employ\u00e9s font la diff\u00e9rence.<\/h2><p>En affaires depuis 2001, nous fournissons des solutions informatiques cl\u00e9s en main et un soutien adapt\u00e9 \u00e0 votre entreprise.<br><br>Notre personnel travaille avec vous pour assurer que vos syst\u00e8mes informatiques fonctionnent efficacement et sans inqui\u00e9tude. Quelle que soit la taille de votre entreprise ou vos besoins informatiques, nous appr\u00e9cions les relations avec nos clients. Nous croyons que fournir un excellent service \u00e0 la client\u00e8le, une communication ouverte et une expertise technique \u00e0 jour sont essentiels pour \u00e9tablir une relation fructueuse de collaboration.<\/p>\t\t<\/div>\n\n\t\t\r\n\t\t\t\t<\/div><!-- .dslc-module -->\r\n\t\t<\/div><\/div><\/div>\r\n\t\t\t<div  class=\"dslc-modules-section \" style=\"margin-bottom:40px;padding-bottom:0px;padding-top:0px;\" data-section-id=\"e6323b62e0a\">\r\n\t\t\t\t\r\n\t\t\t\t\r\n\t\t\t\t<div class=\"dslc-modules-section-wrapper dslc-clearfix\"><style type=\"text\/css\" id=\"dslca-modules-area-\"><\/style><div  class=\"dslc-modules-area dslc-col dslc-12-col dslc-last-col\" data-size=\"12\" data-valign=\"\" data-modules-area-id=\"\" >\r\n\t\t<div id=\"dslc-module-f5fefd9c479\" class=\"dslc-module-front dslc-module-DSLC_Image dslc-in-viewport-check dslc-in-viewport-anim-none  dslc-col dslc-12-col dslc-last-col  dslc-module-handle-like-regular \" data-module-id=\"f5fefd9c479\" data-module=\"DSLC_Image\" data-dslc-module-size=\"12\" data-dslc-anim=\"none\" data-dslc-anim-delay=\"\" data-dslc-anim-duration=\"650\"  data-dslc-anim-easing=\"ease\" data-dslc-preset=\"none\" >\r\n\r\n\t\t\t\r\n\t\t\t\r\n\t\t\t\t<div class=\"dslc-image-container\">\n\t\t<div class=\"dslc-image\">\n\n\t\t\t\n\t\t\t\t\n\t\t\t\t\t\t\t\t\t<img src=\"https:\/\/i4t.ca\/wp-content\/uploads\/2019\/08\/sub_photo3-2B.jpg\" alt=\"\" title=\"\" srcset=\"https:\/\/i4t.ca\/wp-content\/uploads\/2019\/08\/sub_photo3-2B.jpg 1170w, https:\/\/i4t.ca\/wp-content\/uploads\/2019\/08\/sub_photo3-2B-300x64.jpg 300w, https:\/\/i4t.ca\/wp-content\/uploads\/2019\/08\/sub_photo3-2B-768x164.jpg 768w, https:\/\/i4t.ca\/wp-content\/uploads\/2019\/08\/sub_photo3-2B-1024x219.jpg 1024w, https:\/\/i4t.ca\/wp-content\/uploads\/2019\/08\/sub_photo3-2B-680x145.jpg 680w, https:\/\/i4t.ca\/wp-content\/uploads\/2019\/08\/sub_photo3-2B-540x115.jpg 540w\" sizes=\"(max-width: 1170px) 100vw, 1170px\" \/>\n\t\t\t\t\n\t\t\t\t\t\t\t\t\t<\/div><!-- .dslc-image -->\n\t\t<\/div>\n\t\t\r\n\t\t\t\t<\/div><!-- .dslc-module -->\r\n\t\t<\/div><\/div><\/div>\r\n\t\t\t<div  class=\"dslc-modules-section \" style=\"margin-bottom:40px;padding-bottom:0px;padding-top:0px;\" data-section-id=\"2eb0b05b04a\">\r\n\t\t\t\t\r\n\t\t\t\t\r\n\t\t\t\t<div class=\"dslc-modules-section-wrapper dslc-clearfix\"><style type=\"text\/css\" id=\"dslca-modules-area-\"><\/style><div  class=\"dslc-modules-area dslc-col dslc-12-col dslc-last-col\" data-size=\"12\" data-valign=\"\" data-modules-area-id=\"\" >\r\n\t\t<div id=\"dslc-module-92475b9da61\" class=\"dslc-module-front dslc-module-DSLC_Text_Simple dslc-in-viewport-check dslc-in-viewport-anim-none  dslc-col dslc-12-col dslc-last-col  dslc-module-handle-like-regular \" data-module-id=\"92475b9da61\" data-module=\"DSLC_Text_Simple\" data-dslc-module-size=\"12\" data-dslc-anim=\"none\" data-dslc-anim-delay=\"\" data-dslc-anim-duration=\"650\"  data-dslc-anim-easing=\"ease\" data-dslc-preset=\"none\" >\r\n\r\n\t\t\t\r\n\t\t\t\r\n\t\t\n\t\t<div class=\"dslc-text-module-content\">\n\t\t\t<h1 style=\"text-align: center;\">R\u00e9f\u00e9rences<\/h1><h2 style=\"text-align: left;\"><a href=\"https:\/\/www.mondoworldwide.com\/na\/en\/\" target=\"_blank\" rel=\"noopener\">SOCI\u00c9T\u00c9 MONDO AMERICA &\u00a0MONDO USA INC.<\/a> - Mme. Nancy Turcotte<\/h2><p style=\"text-align: justify;\">\"Depuis plus de 15 ans, l'\u00e9quipe i4Technologies Inc, par son professionnalisme et son expertise, nous conseille et nous propose toujours des options ad\u00e9quates et personnalis\u00e9es pour mener \u00e0 bien nos projets. Nous poursuivons en continu le travail amorc\u00e9 avec eux dans une optique d'am\u00e9lioration continue.<\/p><p style=\"text-align: left;\">Leur correspondance rapide et service de qualit\u00e9 \u00e0 l'\u00e9coute de nos besoins r\u00e9pond \u00e0 toutes nos exigences, voil\u00e0 ce \u00e0 quoi vous pouvez vous attendre de la part de cette \u00e9quipe lorsque vous faites appel \u00e0 leurs services!\"<\/p><p style=\"text-align: left;\"><a href=\"https:\/\/i4t.ca\/fr\/temoignages\/\"><strong>LIRE PLUS DE T\u00c9MOIGNAGES +<\/strong><\/a><\/p>\t\t<\/div>\n\n\t\t\r\n\t\t\t\t<\/div><!-- .dslc-module -->\r\n\t\t<\/div><\/div><\/div><\/div><\/div>","protected":false},"excerpt":{"rendered":"<p>Notre \u00c9quipeLes solutions informatiques vont et viennent mais nos employ\u00e9s font la diff\u00e9rence.En affaires depuis 2001, nous fournissons des solutions informatiques cl\u00e9s en main et un soutien adapt\u00e9 \u00e0 votre&nbsp;[&hellip;]<\/p>\n","protected":false},"author":1,"featured_media":0,"parent":0,"menu_order":0,"comment_status":"closed","ping_status":"closed","template":"page-templates\/page_builder.php","meta":{"footnotes":""},"class_list":["post-466","page","type-page","status-publish","hentry","clearfix"],"_links":{"self":[{"href":"https:\/\/i4t.ca\/fr\/wp-json\/wp\/v2\/pages\/466","targetHints":{"allow":["GET"]}}],"collection":[{"href":"https:\/\/i4t.ca\/fr\/wp-json\/wp\/v2\/pages"}],"about":[{"href":"https:\/\/i4t.ca\/fr\/wp-json\/wp\/v2\/types\/page"}],"author":[{"embeddable":true,"href":"https:\/\/i4t.ca\/fr\/wp-json\/wp\/v2\/users\/1"}],"replies":[{"embeddable":true,"href":"https:\/\/i4t.ca\/fr\/wp-json\/wp\/v2\/comments?post=466"}],"version-history":[{"count":0,"href":"https:\/\/i4t.ca\/fr\/wp-json\/wp\/v2\/pages\/466\/revisions"}],"wp:attachment":[{"href":"https:\/\/i4t.ca\/fr\/wp-json\/wp\/v2\/media?parent=466"}],"curies":[{"name":"wp","href":"https:\/\/api.w.org\/{rel}","templated":true}]}}