{"id":474,"date":"2018-12-05T22:30:07","date_gmt":"2018-12-05T22:30:07","guid":{"rendered":"https:\/\/i4t.ca\/?page_id=474"},"modified":"2023-09-06T20:04:56","modified_gmt":"2023-09-06T20:04:56","slug":"temoignages","status":"publish","type":"page","link":"https:\/\/i4t.ca\/fr\/temoignages\/","title":{"rendered":"T\u00c9MOIGNAGES"},"content":{"rendered":"<div id=\"dslc-theme-content\"><div id=\"dslc-theme-content-inner\"><div id=\"dslc-content\" class=\"dslc-content dslc-clearfix\">\n<div id=\"dslc-main\">\n<div  class=\"dslc-modules-section  dslc-full \" style=\"margin-bottom:40px;padding-bottom:0px;padding-top:0px;\" data-section-id=\"601215299f3\">\n<div class=\"dslc-modules-section-wrapper dslc-clearfix\">\n<div class=\"dslc-modules-area dslc-col dslc-12-col dslc-last-col dslc-valign- \" data-size=\"12\" data-valign=\"\">\n<div id=\"dslc-module-11c9f798f11\" class=\"dslc-module-front dslc-module-DSLC_Image dslc-in-viewport-check dslc-in-viewport-anim-none  dslc-col dslc-12-col dslc-last-col  dslc-module-handle-like-regular \" data-module-id=\"11c9f798f11\" data-module=\"DSLC_Image\" data-dslc-module-size=\"12\" data-dslc-anim=\"none\" data-dslc-anim-delay=\"\" data-dslc-anim-duration=\"650\"  data-dslc-anim-easing=\"ease\" data-dslc-preset=\"none\" >\n<div class=\"dslc-image-container\">\n<div class=\"dslc-image\">\n<p>\t\t\t\t\t\t\t\t\t<img decoding=\"async\" src=\"https:\/\/i4t.ca\/wp-content\/uploads\/2019\/08\/banner_testimonials.jpg\" alt=\"\" title=\"\" srcset=\"https:\/\/i4t.ca\/wp-content\/uploads\/2019\/08\/banner_testimonials.jpg 1920w, https:\/\/i4t.ca\/wp-content\/uploads\/2019\/08\/banner_testimonials-300x63.jpg 300w, https:\/\/i4t.ca\/wp-content\/uploads\/2019\/08\/banner_testimonials-768x160.jpg 768w, https:\/\/i4t.ca\/wp-content\/uploads\/2019\/08\/banner_testimonials-1024x213.jpg 1024w, https:\/\/i4t.ca\/wp-content\/uploads\/2019\/08\/banner_testimonials-680x142.jpg 680w, https:\/\/i4t.ca\/wp-content\/uploads\/2019\/08\/banner_testimonials-540x113.jpg 540w\" sizes=\"(max-width: 1920px) 100vw, 1920px\" \/><\/p><\/div>\n<p><!-- .dslc-image -->\n\t\t<\/div>\n<\/p><\/div>\n<p><!-- .dslc-module -->\n\t\t<\/div>\n<\/div>\n<\/div>\n<div  class=\"dslc-modules-section  dslc-no-columns-spacing \" style=\"margin-bottom:40px;padding-bottom:0px;padding-top:0px;\" data-section-id=\"c9a1f619072\">\n<div class=\"dslc-modules-section-wrapper dslc-clearfix\">\n<div class=\"dslc-modules-area dslc-col dslc-12-col dslc-last-col dslc-valign- \" data-size=\"12\" data-valign=\"\">\n<div id=\"dslc-module-092f3f54d32\" class=\"dslc-module-front dslc-module-DSLC_Text_Simple dslc-in-viewport-check dslc-in-viewport-anim-none  dslc-col dslc-12-col dslc-last-col  dslc-module-handle-like-regular \" data-module-id=\"092f3f54d32\" data-module=\"DSLC_Text_Simple\" data-dslc-module-size=\"12\" data-dslc-anim=\"none\" data-dslc-anim-delay=\"\" data-dslc-anim-duration=\"650\"  data-dslc-anim-easing=\"ease\" data-dslc-preset=\"none\" >\n<div class=\"dslc-text-module-content\">\n<h1>T\u00e9moignages<\/h1>\n<\/p><\/div>\n<\/p><\/div>\n<p><!-- .dslc-module --><\/p>\n<div id=\"dslc-module-585b4474879\" class=\"dslc-module-front dslc-module-DSLC_Testimonials dslc-in-viewport-check dslc-in-viewport-anim-none  dslc-col dslc-12-col dslc-last-col  dslc-module-handle-like-regular \" data-module-id=\"585b4474879\" data-module=\"DSLC_Testimonials\" data-dslc-module-size=\"12\" data-dslc-anim=\"none\" data-dslc-anim-delay=\"\" data-dslc-anim-duration=\"650\"  data-dslc-anim-easing=\"ease\" data-dslc-preset=\"none\" >\n<div class=\"dslc-posts dslc-testimonials dslc-clearfix dslc-init-grid \">\n\t\t\t\n\t\t\t\t\t\t\n\t<div class=\"dslc-posts-inner\">\n\t\n\t\t\t<div class=\"dslc-post dslc-testimonial dslc-col dslc-12-col  dslc-last-col\" data-cats=\"\">\n\n<div class=\"dslc-testimonial-inner\">\n\n\t\n\t<div class=\"dslc-testimonial-main\">\n\n\t\t\n\t\t\n\t\t\n\t\t\n\t\t\t<div class=\"dslc-testimonial-quote\">\n\t\t\t\t<p style=\"text-align: left;\">S\u00e9curit\u00e9 Polygon Inc \u2013 M. Martin de Montigny\r\n<a href=\"http:\/\/polygon.ca\" target=\"_blank\" rel=\"noopener\">S\u00e9curit\u00e9 Polygon Inc<\/a> \u2013 <a href=\"http:\/\/www.vikingfire.ca\/\" target=\"_blank\" rel=\"noopener\">Protection Incendie\u00a0Viking Inc.<\/a><\/p>\r\n<p style=\"text-align: justify;\">\u00ab\u00a0I4Technologies sont des partenaires d'affaire r\u00e9guliers et appr\u00e9ci\u00e9s chez S\u00e9curit\u00e9 Polygon Inc. depuis plusieurs ann\u00e9es.<\/p>\r\n<p style=\"text-align: justify;\">D\u00e8s le premier mandat, George a partag\u00e9 avec g\u00e9n\u00e9rosit\u00e9 sa grande exp\u00e9rience, a su amener des id\u00e9es novatrices, et a mis l'\u00e9paule \u00e0 la roue dans les moments difficiles.<\/p>\r\n<p style=\"text-align: justify;\">Son profil accompli \u00e0 l'intersection des domaines de l'informatique, de la comptabilit\u00e9 et des affaires en fait une ressource inestimable dans le contexte de projets d'envergure, comme la d\u00e9licate et complexe op\u00e9ration de migration \u00e0 un logiciel ERP.<\/p>\r\n<p style=\"text-align: justify;\">Il sait s'adapter \u00e0 son auditoire et est autant appr\u00e9ci\u00e9 des employ\u00e9s lors des formations qu'il donne que de la haute direction lorsqu'il est invit\u00e9 \u00e0 partager son opinion sur des dossiers.<\/p>\r\n<p style=\"text-align: justify;\">I4Technologies m\u00e8ne ses projets \u00e0 termes, dans les temps, avec beaucoup de valeur ajout\u00e9e, et le contact est facile et courtois en plus!<\/p>\r\n<p style=\"text-align: justify;\">Je recommande sans h\u00e9siter I4Technologies pour tous vos projets informatiques sachant qu'ils seront entre tr\u00e8s bonnes mains.<\/p>\r\n<p style=\"text-align: justify;\">George a\/eu comme R\u00f4le : Lead consultant dans l\u2019implantation de Microsoft Dynamics SL Distribution, Finances, Projet, Field Service ainsi que Chaine D\u2019approvisionnement(MaxQ)\u00a0\u00bb<\/p>\t\t\t<\/div><!-- .dslc-testimonial-quote -->\n\n\t\t\n\t\t\n<div class=\"dslc-testimonial-author dslc-testimonial-author-pos-inside-bottom dslc-testimonial-avatar-aside dslc-clearfix\">\n\n\t\n\t\n\t<div class=\"dslc-testimonial-author-main\">\n\n\n\n\t<div class=\"dslc-testimonial-author-position\">\n\t\t\t<\/div><!-- .dslc-testimoniala-author-position -->\n\n\n\t<\/div><!-- .dslc-testimonial-author-main -->\n\n<\/div><!-- .dslc-testimonial-author -->\n\n\t\t\t\n\t<\/div><!-- .dslc-testimonial-main -->\n\n\t\n<\/div><!-- .dslc-testimonial-inner -->\n\n\t\t\t<\/div><!-- .dslc-testimonial -->\n\n\t\t\t<div class=\"dslc-post-separator\"><\/div>\n\t\n\t\t\t<div class=\"dslc-post dslc-testimonial dslc-col dslc-12-col  dslc-last-col\" data-cats=\"\">\n\n<div class=\"dslc-testimonial-inner\">\n\n\t\n\t<div class=\"dslc-testimonial-main\">\n\n\t\t\n\t\t\n\t\t\n\t\t\n\t\t\t<div class=\"dslc-testimonial-quote\">\n\t\t\t\t<p style=\"text-align: left;\"><a href=\"https:\/\/www.mondoworldwide.com\/na\/en\/\" target=\"_blank\" rel=\"noopener\">SOCI\u00c9T\u00c9 MONDO AMERICA &amp;\u00a0MONDO USA INC.<\/a> - Mme. Nancy Turcotte<\/p>\r\n<p style=\"text-align: justify;\">\"Depuis plus de 15 ans, l'\u00e9quipe i4Technologies Inc, par son professionnalisme et son expertise, nous conseille et nous propose toujours des options ad\u00e9quates et personnalis\u00e9es pour mener \u00e0 bien nos projets. Nous poursuivons en continu le travail amorc\u00e9 avec eux dans une optique d'am\u00e9lioration continue.<\/p>\r\n<p style=\"text-align: left;\">Leur correspondance rapide et service de qualit\u00e9 \u00e0 l'\u00e9coute de nos besoins r\u00e9pond \u00e0 toutes nos exigences, voil\u00e0 ce \u00e0 quoi vous pouvez vous attendre de la part de cette \u00e9quipe lorsque vous faites appel \u00e0 leurs services!\"<\/p>\t\t\t<\/div><!-- .dslc-testimonial-quote -->\n\n\t\t\n\t\t\n<div class=\"dslc-testimonial-author dslc-testimonial-author-pos-inside-bottom dslc-testimonial-avatar-aside dslc-clearfix\">\n\n\t\n\t\n\t<div class=\"dslc-testimonial-author-main\">\n\n\n\n\t<div class=\"dslc-testimonial-author-position\">\n\t\t\t<\/div><!-- .dslc-testimoniala-author-position -->\n\n\n\t<\/div><!-- .dslc-testimonial-author-main -->\n\n<\/div><!-- .dslc-testimonial-author -->\n\n\t\t\t\n\t<\/div><!-- .dslc-testimonial-main -->\n\n\t\n<\/div><!-- .dslc-testimonial-inner -->\n\n\t\t\t<\/div><!-- .dslc-testimonial -->\n\n\t\t\t<div class=\"dslc-post-separator\"><\/div>\n\t\n\t\t\t<div class=\"dslc-post dslc-testimonial dslc-col dslc-12-col  dslc-last-col\" data-cats=\"\">\n\n<div class=\"dslc-testimonial-inner\">\n\n\t\n\t<div class=\"dslc-testimonial-main\">\n\n\t\t\n\t\t\n\t\t\n\t\t\n\t\t\t<div class=\"dslc-testimonial-quote\">\n\t\t\t\t<p style=\"text-align: left;\">CUCCINIELLO CALANDRIELLO\u00a0AVOCATS\/ATTORNEYS INC.<\/p>\r\n<p style=\"text-align: justify;\">\"Nous utilisons les services de i4Technologies depuis 18 ans. Notre r\u00e9seau et notre soci\u00e9t\u00e9 n'ont jamais \u00e9t\u00e9 aussi stables. En tant que petite firme \u00e0 la recherche de solutions efficaces et \u00e9conomiques, nous avons trouv\u00e9 que i4Techologies \u00e9tait professionnel, r\u00e9actif et proactif face \u00e0 nos besoins.\"<\/p>\t\t\t<\/div><!-- .dslc-testimonial-quote -->\n\n\t\t\n\t\t\n<div class=\"dslc-testimonial-author dslc-testimonial-author-pos-inside-bottom dslc-testimonial-avatar-aside dslc-clearfix\">\n\n\t\n\t\n\t<div class=\"dslc-testimonial-author-main\">\n\n\n\n\t<div class=\"dslc-testimonial-author-position\">\n\t\t\t<\/div><!-- .dslc-testimoniala-author-position -->\n\n\n\t<\/div><!-- .dslc-testimonial-author-main -->\n\n<\/div><!-- .dslc-testimonial-author -->\n\n\t\t\t\n\t<\/div><!-- .dslc-testimonial-main -->\n\n\t\n<\/div><!-- .dslc-testimonial-inner -->\n\n\t\t\t<\/div><!-- .dslc-testimonial -->\n\n\t\t\t<div class=\"dslc-post-separator\"><\/div>\n\t\n\t\t\t<div class=\"dslc-post dslc-testimonial dslc-col dslc-12-col  dslc-last-col\" data-cats=\"\">\n\n<div class=\"dslc-testimonial-inner\">\n\n\t\n\t<div class=\"dslc-testimonial-main\">\n\n\t\t\n\t\t\n\t\t\n\t\t\n\t\t\t<div class=\"dslc-testimonial-quote\">\n\t\t\t\t<p style=\"text-align: left;\"><a href=\"https:\/\/baldwincremation.com\/\" target=\"_blank\" rel=\"noopener\">Baldwin Brothers Funeral &amp; Cremation Society<\/a> - M. Skip Knopke<\/p>\r\n<p style=\"text-align: justify;\">\"Depuis l\u2019embauche de i4Tech en tant que directeur financier et directeur informatique virtuel en 2003, pour nous aider \u00e0 emp\u00eacher une grande entreprise canadienne de faire faillite sous le poids d'une gr\u00e8ve d'une ann\u00e9e, Rosario, George et Lino ont \u00e9t\u00e9 des amis et des associ\u00e9s professionnels qui ont toujours \u00e9t\u00e9 l\u00e0 pour nous. Plus r\u00e9cemment, mais maintenant au nom de Baldwin Brothers, une grande entreprise de pompes fun\u00e8bres bas\u00e9e en Floride, l\u2019\u00e9quipe i4 continue de tr\u00e8s bien nous servir. Ils sont cr\u00e9atifs, productifs et toujours int\u00e9ress\u00e9s par notre succ\u00e8s, autant que le leur. Je les recommande fortement, ils sont fortement pris en consid\u00e9ration pour tout projet relevant de leur expertise.\"<\/p>\t\t\t<\/div><!-- .dslc-testimonial-quote -->\n\n\t\t\n\t\t\n<div class=\"dslc-testimonial-author dslc-testimonial-author-pos-inside-bottom dslc-testimonial-avatar-aside dslc-clearfix\">\n\n\t\n\t\n\t<div class=\"dslc-testimonial-author-main\">\n\n\n\n\t<div class=\"dslc-testimonial-author-position\">\n\t\t\t<\/div><!-- .dslc-testimoniala-author-position -->\n\n\n\t<\/div><!-- .dslc-testimonial-author-main -->\n\n<\/div><!-- .dslc-testimonial-author -->\n\n\t\t\t\n\t<\/div><!-- .dslc-testimonial-main -->\n\n\t\n<\/div><!-- .dslc-testimonial-inner -->\n\n\t\t\t<\/div><!-- .dslc-testimonial -->\n\n\t\t\t<div class=\"dslc-post-separator\"><\/div>\n\t\n\t\t\t<div class=\"dslc-post dslc-testimonial dslc-col dslc-12-col  dslc-last-col\" data-cats=\"\">\n\n<div class=\"dslc-testimonial-inner\">\n\n\t\n\t<div class=\"dslc-testimonial-main\">\n\n\t\t\n\t\t\n\t\t\n\t\t\n\t\t\t<div class=\"dslc-testimonial-quote\">\n\t\t\t\t<p style=\"text-align: left;\">Mlle Michelle Canerot<\/p>\r\n<p style=\"text-align: justify;\">\u201cJ'ai travaill\u00e9 pendant de nombreuses ann\u00e9es sur divers projets informatiques avec i4Technologies, y compris le d\u00e9veloppement de syst\u00e8mes logiciels personnalis\u00e9s pour l'industrie des services fun\u00e9raires. J'ai trouv\u00e9 l'\u00e9quipe i4 extr\u00eamement comp\u00e9tente et honn\u00eate. Ils ont travaill\u00e9 avec diligence avec nous pour trouver les solutions adapt\u00e9es \u00e0 nos besoins, tout en travaillant selon notre budget. Je recommande fortement leurs services.\"<\/p>\t\t\t<\/div><!-- .dslc-testimonial-quote -->\n\n\t\t\n\t\t\n<div class=\"dslc-testimonial-author dslc-testimonial-author-pos-inside-bottom dslc-testimonial-avatar-aside dslc-clearfix\">\n\n\t\n\t\n\t<div class=\"dslc-testimonial-author-main\">\n\n\n\n\t<div class=\"dslc-testimonial-author-position\">\n\t\t\t<\/div><!-- .dslc-testimoniala-author-position -->\n\n\n\t<\/div><!-- .dslc-testimonial-author-main -->\n\n<\/div><!-- .dslc-testimonial-author -->\n\n\t\t\t\n\t<\/div><!-- .dslc-testimonial-main -->\n\n\t\n<\/div><!-- .dslc-testimonial-inner -->\n\n\t\t\t<\/div><!-- .dslc-testimonial -->\n\n\t\t\t<div class=\"dslc-post-separator\"><\/div>\n\t<\/div><!-- .dslc-posts-inner -->\n\n\t\n\t\t<\/div><!-- .dslc-testimonials -->\n\n\t<\/div>\n<p><!-- .dslc-module -->\n\t\t<\/div>\n<\/div>\n<\/div>\n<\/div>\n<\/div>\n<\/div><\/div>","protected":false},"excerpt":{"rendered":"<p>T\u00e9moignages<\/p>\n","protected":false},"author":1,"featured_media":0,"parent":0,"menu_order":0,"comment_status":"closed","ping_status":"closed","template":"page-templates\/page_builder.php","meta":{"footnotes":""},"class_list":["post-474","page","type-page","status-publish","hentry","clearfix"],"_links":{"self":[{"href":"https:\/\/i4t.ca\/fr\/wp-json\/wp\/v2\/pages\/474","targetHints":{"allow":["GET"]}}],"collection":[{"href":"https:\/\/i4t.ca\/fr\/wp-json\/wp\/v2\/pages"}],"about":[{"href":"https:\/\/i4t.ca\/fr\/wp-json\/wp\/v2\/types\/page"}],"author":[{"embeddable":true,"href":"https:\/\/i4t.ca\/fr\/wp-json\/wp\/v2\/users\/1"}],"replies":[{"embeddable":true,"href":"https:\/\/i4t.ca\/fr\/wp-json\/wp\/v2\/comments?post=474"}],"version-history":[{"count":1,"href":"https:\/\/i4t.ca\/fr\/wp-json\/wp\/v2\/pages\/474\/revisions"}],"predecessor-version":[{"id":895,"href":"https:\/\/i4t.ca\/fr\/wp-json\/wp\/v2\/pages\/474\/revisions\/895"}],"wp:attachment":[{"href":"https:\/\/i4t.ca\/fr\/wp-json\/wp\/v2\/media?parent=474"}],"curies":[{"name":"wp","href":"https:\/\/api.w.org\/{rel}","templated":true}]}}