{"id":482,"date":"2018-12-05T22:31:39","date_gmt":"2018-12-05T22:31:39","guid":{"rendered":"https:\/\/i4t.ca\/?page_id=482"},"modified":"2023-09-06T20:13:14","modified_gmt":"2023-09-06T20:13:14","slug":"accueil-2","status":"publish","type":"page","link":"https:\/\/i4t.ca\/fr\/","title":{"rendered":"ACCUEIL 2"},"content":{"rendered":"<div id=\"dslc-theme-content\"><div id=\"dslc-theme-content-inner\"><div id=\"dslc-content\" class=\"dslc-content dslc-clearfix\">\n<div id=\"dslc-main\">\n<div  class=\"dslc-modules-section  dslc-full  dslc-no-columns-spacing  dslc-hide-on-desktop  dslc-hide-on-tablet  dslc-hide-on-phone \" style=\"padding-bottom:0px;padding-top:0px;background-color:rgba(199,4,4,0);\" data-section-id=\"00cd7f7df06\">\n<div class=\"dslc-modules-section-wrapper dslc-clearfix\">\n<div class=\"dslc-modules-area dslc-col dslc-12-col dslc-last-col dslc-valign- \" data-size=\"12\" data-valign=\"\">\n<div id=\"dslc-module-c250183f794\" class=\"dslc-module-front dslc-module-DSLC_Text_Simple dslc-in-viewport-check dslc-in-viewport-anim-none  dslc-col dslc-12-col dslc-last-col  dslc-module-handle-like-regular \" data-module-id=\"c250183f794\" data-module=\"DSLC_Text_Simple\" data-dslc-module-size=\"12\" data-dslc-anim=\"none\" data-dslc-anim-delay=\"\" data-dslc-anim-duration=\"650\"  data-dslc-anim-easing=\"ease\" data-dslc-preset=\"none\" >\n<div class=\"dslc-text-module-content\">\n<h2 style=\"text-align: center;\"><span style=\"color: #ffffff;\"><a style=\"color: #ffffff;\" href=\"https:\/\/i4t.ca\/fr\/annonce-speciale\/\">\u2022 ANNONCE SP\u00c9CIALE \u2022<\/a><\/span><\/h2>\n<\/p><\/div>\n<\/p><\/div>\n<p><!-- .dslc-module -->\n\t\t<\/div>\n<\/div>\n<\/div>\n<div  class=\"dslc-modules-section  dslc-full  dslc-no-columns-spacing  dslc-hide-on-phone \" style=\"padding-bottom:0px;padding-top:0px;\" data-section-id=\"bbff9d455f8\">\n<div class=\"dslc-modules-section-wrapper dslc-clearfix\">\n<div class=\"dslc-modules-area dslc-col dslc-12-col dslc-last-col dslc-valign-undefined \" data-size=\"12\" data-valign=\"undefined\">\n<div id=\"dslc-module-08b19ee5a63\" class=\"dslc-module-front dslc-module-DSLC_Image dslc-in-viewport-check dslc-in-viewport-anim-none  dslc-col dslc-12-col dslc-last-col  dslc-module-handle-like-regular \" data-module-id=\"08b19ee5a63\" data-module=\"DSLC_Image\" data-dslc-module-size=\"12\" data-dslc-anim=\"none\" data-dslc-anim-delay=\"\" data-dslc-anim-duration=\"650\"  data-dslc-anim-easing=\"ease\" data-dslc-preset=\"none\" >\n<div class=\"dslc-image-container\">\n<div class=\"dslc-image\">\n<p>\t\t\t\t\t\t\t\t\t<img decoding=\"async\" src=\"https:\/\/i4t.ca\/wp-content\/uploads\/2019\/09\/Home_Banner_New.jpg\" alt=\"\" title=\"\" srcset=\"https:\/\/i4t.ca\/wp-content\/uploads\/2019\/09\/Home_Banner_New.jpg 1920w, https:\/\/i4t.ca\/wp-content\/uploads\/2019\/09\/Home_Banner_New-300x102.jpg 300w, https:\/\/i4t.ca\/wp-content\/uploads\/2019\/09\/Home_Banner_New-768x260.jpg 768w, https:\/\/i4t.ca\/wp-content\/uploads\/2019\/09\/Home_Banner_New-1024x347.jpg 1024w, https:\/\/i4t.ca\/wp-content\/uploads\/2019\/09\/Home_Banner_New-680x230.jpg 680w, https:\/\/i4t.ca\/wp-content\/uploads\/2019\/09\/Home_Banner_New-540x183.jpg 540w\" sizes=\"(max-width: 1920px) 100vw, 1920px\" \/><\/p><\/div>\n<p><!-- .dslc-image -->\n\t\t<\/div>\n<\/p><\/div>\n<p><!-- .dslc-module -->\n\t\t<\/div>\n<\/div>\n<\/div>\n<div  class=\"dslc-modules-section  dslc-hide-on-desktop  dslc-hide-on-tablet \" style=\"margin-bottom:40px;padding-bottom:0px;padding-top:0px;\" data-section-id=\"3b89e0f35e1\">\n<div class=\"dslc-modules-section-wrapper dslc-clearfix\">\n<div class=\"dslc-modules-area dslc-col dslc-12-col dslc-last-col dslc-valign- \" data-size=\"12\" data-valign=\"\">\n<div id=\"dslc-module-0ca55e88de3\" class=\"dslc-module-front dslc-module-DSLC_Image dslc-in-viewport-check dslc-in-viewport-anim-none  dslc-col dslc-12-col dslc-last-col  dslc-module-handle-like-regular \" data-module-id=\"0ca55e88de3\" data-module=\"DSLC_Image\" data-dslc-module-size=\"12\" data-dslc-anim=\"none\" data-dslc-anim-delay=\"\" data-dslc-anim-duration=\"650\"  data-dslc-anim-easing=\"ease\" data-dslc-preset=\"none\" >\n<div class=\"dslc-image-container\">\n<div class=\"dslc-image\">\n<p>\t\t\t\t\t\t\t\t\t<img decoding=\"async\" src=\"https:\/\/i4t.ca\/wp-content\/uploads\/2019\/09\/mobile_banner_FR.jpg\" alt=\"\" title=\"\" srcset=\"https:\/\/i4t.ca\/wp-content\/uploads\/2019\/09\/mobile_banner_FR.jpg 1170w, https:\/\/i4t.ca\/wp-content\/uploads\/2019\/09\/mobile_banner_FR-300x163.jpg 300w, https:\/\/i4t.ca\/wp-content\/uploads\/2019\/09\/mobile_banner_FR-768x416.jpg 768w, https:\/\/i4t.ca\/wp-content\/uploads\/2019\/09\/mobile_banner_FR-1024x555.jpg 1024w, https:\/\/i4t.ca\/wp-content\/uploads\/2019\/09\/mobile_banner_FR-680x368.jpg 680w, https:\/\/i4t.ca\/wp-content\/uploads\/2019\/09\/mobile_banner_FR-540x293.jpg 540w\" sizes=\"(max-width: 1170px) 100vw, 1170px\" \/><\/p><\/div>\n<p><!-- .dslc-image -->\n\t\t<\/div>\n<\/p><\/div>\n<p><!-- .dslc-module -->\n\t\t<\/div>\n<\/div>\n<\/div>\n<div  class=\"dslc-modules-section \" style=\"\" data-section-id=\"973819d3721\">\n<div class=\"dslc-modules-section-wrapper dslc-clearfix\">\n<div class=\"dslc-modules-area dslc-col dslc-4-col dslc-first-col dslc-valign- \" data-size=\"4\" data-valign=\"\">\n<div id=\"dslc-module-4068c22a383\" class=\"dslc-module-front dslc-module-DSLC_Icon dslc-in-viewport-check dslc-in-viewport-anim-none  dslc-col dslc-12-col dslc-last-col  dslc-module-handle-like-regular \" data-module-id=\"4068c22a383\" data-module=\"DSLC_Icon\" data-dslc-module-size=\"12\" data-dslc-anim=\"none\" data-dslc-anim-delay=\"\" data-dslc-anim-duration=\"650\"  data-dslc-anim-easing=\"ease\" data-dslc-preset=\"none\" >\n<div class=\"dslc-micon-module\">\n\t\t\t\t\t\t\t\t\t<span class=\"dslc-icon dslc-icon-laptop\"><\/span>\n\t\t\t\t\t\t\t<\/div>\n<p><!-- .dslc-micon-module --><\/p><\/div>\n<p><!-- .dslc-module --><\/p>\n<div id=\"dslc-module-e9407952b23\" class=\"dslc-module-front dslc-module-DSLC_Text_Simple dslc-in-viewport-check dslc-in-viewport-anim-none  dslc-col dslc-12-col dslc-last-col  dslc-module-handle-like-regular \" data-module-id=\"e9407952b23\" data-module=\"DSLC_Text_Simple\" data-dslc-module-size=\"12\" data-dslc-anim=\"none\" data-dslc-anim-delay=\"\" data-dslc-anim-duration=\"650\"  data-dslc-anim-easing=\"ease\" data-dslc-preset=\"none\" >\n<div class=\"dslc-text-module-content\">\n<h1 style=\"text-align: center;\">Services TI<\/h1>\n<p>Trouver un \u00e9quilibre entre la mobilit\u00e9, la s\u00e9curit\u00e9 et l'accessibilit\u00e9 est devenu un d\u00e9fi pour tout le monde. Nous pouvons vous aider en apportant de la clart\u00e9, des solutions rentables et une gestion informatique sans inqui\u00e9tude.<\/p>\n<p style=\"text-align: right;\"><a href=\"https:\/\/i4t.ca\/fr\/services-ti\/\"><strong>LIRE LA SUITE +<\/strong><\/a><\/p>\n<\/p><\/div>\n<\/p><\/div>\n<p><!-- .dslc-module -->\n\t\t<\/div>\n<div class=\"dslc-modules-area dslc-col dslc-4-col  dslc-valign- \" data-size=\"4\" data-valign=\"\">\n<div id=\"dslc-module-0c02e7939b8\" class=\"dslc-module-front dslc-module-DSLC_Icon dslc-in-viewport-check dslc-in-viewport-anim-none  dslc-col dslc-12-col dslc-last-col  dslc-module-handle-like-regular \" data-module-id=\"0c02e7939b8\" data-module=\"DSLC_Icon\" data-dslc-module-size=\"12\" data-dslc-anim=\"none\" data-dslc-anim-delay=\"\" data-dslc-anim-duration=\"650\"  data-dslc-anim-easing=\"ease\" data-dslc-preset=\"none\" >\n<div class=\"dslc-micon-module\">\n\t\t\t\t\t\t\t\t\t<span class=\"dslc-icon dslc-icon-group\"><\/span>\n\t\t\t\t\t\t\t<\/div>\n<p><!-- .dslc-micon-module --><\/p><\/div>\n<p><!-- .dslc-module --><\/p>\n<div id=\"dslc-module-8a42acf2a54\" class=\"dslc-module-front dslc-module-DSLC_Text_Simple dslc-in-viewport-check dslc-in-viewport-anim-none  dslc-col dslc-12-col dslc-last-col  dslc-module-handle-like-regular \" data-module-id=\"8a42acf2a54\" data-module=\"DSLC_Text_Simple\" data-dslc-module-size=\"12\" data-dslc-anim=\"none\" data-dslc-anim-delay=\"\" data-dslc-anim-duration=\"650\"  data-dslc-anim-easing=\"ease\" data-dslc-preset=\"none\" >\n<div class=\"dslc-text-module-content\">\n<h1 style=\"text-align: center;\">Notre \u00c9quipe<\/h1>\n<p>Nous croyons que fournir un excellent service \u00e0 la client\u00e8le, une communication ouverte et une expertise technique \u00e0 jour sont essentiels pour \u00e9tablir une relation fructueuse de collaboration.<\/p>\n<p style=\"text-align: right;\"><strong><br \/><a href=\"https:\/\/i4t.ca\/fr\/notre-equipe\/\">LIRE LA SUITE +<\/a><\/strong><\/p>\n<\/p><\/div>\n<\/p><\/div>\n<p><!-- .dslc-module -->\n\t\t<\/div>\n<div class=\"dslc-modules-area dslc-col dslc-4-col dslc-last-col dslc-valign- \" data-size=\"4\" data-valign=\"\">\n<div id=\"dslc-module-bc684cbb162\" class=\"dslc-module-front dslc-module-DSLC_Icon dslc-in-viewport-check dslc-in-viewport-anim-none  dslc-col dslc-12-col dslc-last-col  dslc-module-handle-like-regular \" data-module-id=\"bc684cbb162\" data-module=\"DSLC_Icon\" data-dslc-module-size=\"12\" data-dslc-anim=\"none\" data-dslc-anim-delay=\"\" data-dslc-anim-duration=\"650\"  data-dslc-anim-easing=\"ease\" data-dslc-preset=\"none\" >\n<div class=\"dslc-micon-module\">\n\t\t\t\t\t\t\t\t\t<span class=\"dslc-icon dslc-icon-code\"><\/span>\n\t\t\t\t\t\t\t<\/div>\n<p><!-- .dslc-micon-module --><\/p><\/div>\n<p><!-- .dslc-module --><\/p>\n<div id=\"dslc-module-e1a0422663f\" class=\"dslc-module-front dslc-module-DSLC_Text_Simple dslc-in-viewport-check dslc-in-viewport-anim-none  dslc-col dslc-12-col dslc-last-col  dslc-module-handle-like-regular \" data-module-id=\"e1a0422663f\" data-module=\"DSLC_Text_Simple\" data-dslc-module-size=\"12\" data-dslc-anim=\"none\" data-dslc-anim-delay=\"\" data-dslc-anim-duration=\"650\"  data-dslc-anim-easing=\"ease\" data-dslc-preset=\"none\" >\n<div class=\"dslc-text-module-content\">\n<h1 style=\"text-align: center;\">Conception Web<\/h1>\n<p>Que votre objectif est de fournir des informations sur votre entreprise, de vendre des produits en ligne ou de cr\u00e9er un portail personnalis\u00e9 qui se connecte \u00e0 vos clients, nous pouvons vous aider.<\/p>\n<p style=\"text-align: right;\"><strong><br \/><a href=\"https:\/\/i4t.ca\/fr\/sites-web\/\">LIRE LA SUITE +<\/a><\/strong><\/p>\n<\/p><\/div>\n<\/p><\/div>\n<p><!-- .dslc-module -->\n\t\t<\/div>\n<\/div>\n<\/div>\n<div  class=\"dslc-modules-section  dslc-init-parallax  dslc-full  dslc-no-columns-spacing  dslc-hide-on-phone \" style=\"padding-bottom:200px;padding-top:200px;background-image:url();background-image:url(https:\/\/i4t.ca\/wp-content\/uploads\/2019\/08\/parallax-2B.jpg);background-repeat:no-repeat;background-position:center center;background-attachment:parallax;background-size:contain;\" data-section-id=\"a4a9243fab1\">\n<div class=\"dslc-modules-section-wrapper dslc-clearfix\">\n<div class=\"dslc-modules-area dslc-col dslc-12-col dslc-last-col dslc-valign- \" data-size=\"12\" data-valign=\"\">\n<div id=\"dslc-module-0d3ec85f938\" class=\"dslc-module-front dslc-module-DSLC_Text_Simple dslc-in-viewport-check dslc-in-viewport-anim-none  dslc-col dslc-12-col dslc-last-col  dslc-module-handle-like-regular \" data-module-id=\"0d3ec85f938\" data-module=\"DSLC_Text_Simple\" data-dslc-module-size=\"12\" data-dslc-anim=\"none\" data-dslc-anim-delay=\"\" data-dslc-anim-duration=\"650\"  data-dslc-anim-easing=\"ease\" data-dslc-preset=\"none\" >\n<div class=\"dslc-text-module-content\">\n<h1 style=\"text-align: center;\">En affaires depuis 2001<\/h1>\n<\/p><\/div>\n<\/p><\/div>\n<p><!-- .dslc-module -->\n\t\t<\/div>\n<\/div>\n<\/div>\n<div  class=\"dslc-modules-section \" style=\"\" data-section-id=\"d3dd7d35788\">\n<div class=\"dslc-modules-section-wrapper dslc-clearfix\">\n<div class=\"dslc-modules-area dslc-col dslc-12-col dslc-last-col dslc-valign- \" data-size=\"12\" data-valign=\"\">\n<div id=\"dslc-module-42c538949e3\" class=\"dslc-module-front dslc-module-DSLC_Text_Simple dslc-in-viewport-check dslc-in-viewport-anim-none  dslc-col dslc-12-col dslc-last-col  dslc-module-handle-like-regular \" data-module-id=\"42c538949e3\" data-module=\"DSLC_Text_Simple\" data-dslc-module-size=\"12\" data-dslc-anim=\"none\" data-dslc-anim-delay=\"\" data-dslc-anim-duration=\"650\"  data-dslc-anim-easing=\"ease\" data-dslc-preset=\"none\" >\n<div class=\"dslc-text-module-content\">\n<h1 style=\"text-align: center;\">Blog<\/h1>\n<\/p><\/div>\n<\/p><\/div>\n<p><!-- .dslc-module --><\/p>\n<div id=\"dslc-module-9a484a37a4b\" class=\"dslc-module-front dslc-module-DSLC_Posts dslc-in-viewport-check dslc-in-viewport-anim-none  dslc-col dslc-12-col dslc-last-col  dslc-module-handle-like-regular \" data-module-id=\"9a484a37a4b\" data-module=\"DSLC_Posts\" data-dslc-module-size=\"12\" data-dslc-anim=\"none\" data-dslc-anim-delay=\"\" data-dslc-anim-duration=\"650\"  data-dslc-anim-easing=\"ease\" data-dslc-preset=\"none\" >\n\t\t<div class=\"dslc-posts dslc-cpt-posts dslc-clearfix dslc-cpt-posts-type-grid dslc-posts-orientation-vertical dslc-init-grid \">\r\n\r\n\t\t\t\r\n\t\t\t<div class=\"dslc-posts-inner\">\r\n\t\t\t\t\t<div class=\"dslc-post dslc-cpt-post dslc-col dslc-12-col  dslc-last-col\" data-cats=\"\">\r\n\t\t\t\t\t\t\t\t\t\t\t\t\t\t\t\t\t\t\t\t\r\n\t\t\t\t\t\t\t\t<div class=\"dslc-post-thumb dslc-cpt-post-thumb dslc-on-hover-anim\">\r\n\r\n\t\t\t\t\t\t\t\t\t<div class=\"dslc-cpt-post-thumb-inner dslca-post-thumb\">\r\n\t\t\t\t\t\t\t\t\t\t\r\n\t\t\t\t\t\t\t\t\t\t\t\t\t\t\t\t\t\t\t\t\t<a href=\"https:\/\/i4t.ca\/fr\/plans-de-soutien\/\" class=\"\"><img loading=\"lazy\" decoding=\"async\" width=\"1170\" height=\"250\" src=\"https:\/\/i4t.ca\/wp-content\/uploads\/2018\/06\/blog6-2B.jpg\" class=\"attachment-full size-full wp-post-image\" alt=\"\" title=\"blog6-2B\" srcset=\"https:\/\/i4t.ca\/wp-content\/uploads\/2018\/06\/blog6-2B.jpg 1170w, https:\/\/i4t.ca\/wp-content\/uploads\/2018\/06\/blog6-2B-300x64.jpg 300w, https:\/\/i4t.ca\/wp-content\/uploads\/2018\/06\/blog6-2B-768x164.jpg 768w, https:\/\/i4t.ca\/wp-content\/uploads\/2018\/06\/blog6-2B-1024x219.jpg 1024w, https:\/\/i4t.ca\/wp-content\/uploads\/2018\/06\/blog6-2B-680x145.jpg 680w, https:\/\/i4t.ca\/wp-content\/uploads\/2018\/06\/blog6-2B-540x115.jpg 540w\" sizes=\"auto, (max-width: 1170px) 100vw, 1170px\" \/><\/a>\r\n\t\t\t\t\t\t\t\t\t\t\t\t\t\t\t\t\t\t\t<\/div><!-- .dslc-cpt-post-thumb-inner -->\r\n\r\n\t\t\t\t\t\t\t\t\t\r\n\t\t\t\t\t\t\t\t<\/div><!-- .dslc-cpt-post-thumb -->\r\n\r\n\t\t\t\t\t\t\t\t\t\t\t\t\t\r\n\t\t\t\t\t\t\r\n\t\t\t\t\t\t\t<div class=\"dslc-post-main dslc-cpt-post-main\">\r\n\r\n\t\t\t\t\t\t\t\t\r\n\t\t\t\t\t\t\t\t\t<div class=\"dslc-cpt-post-title\">\r\n\t\t\t\t\t\t\t\t\t\t<h2><a href=\"https:\/\/i4t.ca\/fr\/plans-de-soutien\/\">Plans de soutien<\/a><\/h2>\r\n\t\t\t\t\t\t\t\t\t<\/div><!-- .dslc-cpt-post-title -->\r\n\r\n\t\t\t\t\t\t\t\t\r\n\t\t\t\t\t\t\t\t\r\n\t\t\t\t\t\t\t\t\t\t\t\t\t\t\t\t\t<div class=\"dslc-cpt-post-excerpt\">\r\n\t\t\t\t\t\t\t\t\t\t\t\t\t\t\t\t\t\t\t\t\tPlans de soutien. Nous simplifions vos besoins informatiques. Notre approche est simple : \u2022 \u00c9couter nos clients \u2022 Identifier la technologie qui correspond le mieux \u00e0 leurs besoins \u2022 G\u00e9rer leurs parc informatique \u2022 Procurer\u2026\t\t\t\t\t\t\t\t\t\t\t\t\t\t\t\t\t\t\t<\/div><!-- .dslc-cpt-post-excerpt -->\r\n\r\n\t\t\t\t\t\t\t\t\r\n\t\t\t\t\t\t\t\t\r\n\t\t\t\t\t\t\t\t\t<div class=\"dslc-cpt-post-read-more\">\r\n\t\t\t\t\t\t\t\t\t\t<a href=\"https:\/\/i4t.ca\/fr\/plans-de-soutien\/\">\r\n\t\t\t\t\t\t\t\t\t\t\t\t\t\t\t\t\t\t\t\t\t\t\t<span class=\"dslc-icon dslc-icon-\"><\/span>\r\n\t\t\t\t\t\t\t\t\t\t\t\t\t\t\t\t\t\t\t\t\t\tLIRE LA SUITE +\t\t\t\t\t\t\t\t\t\t<\/a>\r\n\t\t\t\t\t\t\t\t\t<\/div><!-- .dslc-cpt-post-read-more -->\r\n\r\n\t\t\t\t\t\t\t\t\r\n\t\t\t\t\t\t\t<\/div><!-- .dslc-cpt-post-main -->\r\n\r\n\t\t\t\t\t\t\r\n\t\t\t\t\t<\/div><!-- .dslc-cpt-post -->\t\t\t<\/div><!--.dslc-posts-inner -->\r\n\r\n\t\t\t\r\n\t\t<\/div><!-- .dslc-cpt-posts --><\/div>\n<p><!-- .dslc-module -->\n\t\t<\/div>\n<\/div>\n<\/div>\n<div  class=\"dslc-modules-section \" style=\"margin-bottom:40px;padding-bottom:0px;padding-top:0px;\" data-section-id=\"f85550f166d\">\n<div class=\"dslc-modules-section-wrapper dslc-clearfix\">\n<div class=\"dslc-modules-area dslc-col dslc-12-col dslc-last-col dslc-valign- \" data-size=\"12\" data-valign=\"\">\n<div id=\"dslc-module-ea6aaf5c72d\" class=\"dslc-module-front dslc-module-DSLC_Text_Simple dslc-in-viewport-check dslc-in-viewport-anim-none  dslc-col dslc-12-col dslc-last-col  dslc-module-handle-like-regular \" data-module-id=\"ea6aaf5c72d\" data-module=\"DSLC_Text_Simple\" data-dslc-module-size=\"12\" data-dslc-anim=\"none\" data-dslc-anim-delay=\"\" data-dslc-anim-duration=\"650\"  data-dslc-anim-easing=\"ease\" data-dslc-preset=\"none\" >\n<div class=\"dslc-text-module-content\">\n<h1 style=\"text-align: center;\">R\u00e9f\u00e9rences<\/h1>\n<p>\u00a0<\/p>\n<p style=\"text-align: center;\"><a href=\"https:\/\/i4t.ca\/fr\/temoignages\/\"><strong>LIRE DE T\u00c9MOIGNAGES +<\/strong><\/a><\/p>\n<\/p><\/div>\n<\/p><\/div>\n<p><!-- .dslc-module -->\n\t\t<\/div>\n<\/div>\n<\/div>\n<\/div>\n<\/div>\n<\/div><\/div>","protected":false},"excerpt":{"rendered":"<p>\u2022 ANNONCE SP\u00c9CIALE \u2022 Services TI Trouver un \u00e9quilibre entre la mobilit\u00e9, la s\u00e9curit\u00e9 et l'accessibilit\u00e9 est devenu un d\u00e9fi pour tout le monde. Nous pouvons vous aider en apportant&nbsp;[&hellip;]<\/p>\n","protected":false},"author":1,"featured_media":0,"parent":0,"menu_order":0,"comment_status":"closed","ping_status":"closed","template":"page-templates\/page_builder.php","meta":{"footnotes":""},"class_list":["post-482","page","type-page","status-publish","hentry","clearfix"],"_links":{"self":[{"href":"https:\/\/i4t.ca\/fr\/wp-json\/wp\/v2\/pages\/482","targetHints":{"allow":["GET"]}}],"collection":[{"href":"https:\/\/i4t.ca\/fr\/wp-json\/wp\/v2\/pages"}],"about":[{"href":"https:\/\/i4t.ca\/fr\/wp-json\/wp\/v2\/types\/page"}],"author":[{"embeddable":true,"href":"https:\/\/i4t.ca\/fr\/wp-json\/wp\/v2\/users\/1"}],"replies":[{"embeddable":true,"href":"https:\/\/i4t.ca\/fr\/wp-json\/wp\/v2\/comments?post=482"}],"version-history":[{"count":1,"href":"https:\/\/i4t.ca\/fr\/wp-json\/wp\/v2\/pages\/482\/revisions"}],"predecessor-version":[{"id":896,"href":"https:\/\/i4t.ca\/fr\/wp-json\/wp\/v2\/pages\/482\/revisions\/896"}],"wp:attachment":[{"href":"https:\/\/i4t.ca\/fr\/wp-json\/wp\/v2\/media?parent=482"}],"curies":[{"name":"wp","href":"https:\/\/api.w.org\/{rel}","templated":true}]}}