{"id":772,"date":"2020-04-03T01:15:09","date_gmt":"2020-04-03T01:15:09","guid":{"rendered":"https:\/\/i4t.ca\/?page_id=772"},"modified":"2020-04-03T01:15:09","modified_gmt":"2020-04-03T01:15:09","slug":"annonce-speciale","status":"publish","type":"page","link":"https:\/\/i4t.ca\/fr\/annonce-speciale\/","title":{"rendered":"Annonce Sp\u00e9ciale"},"content":{"rendered":"<div id=\"dslc-content\" class=\"dslc-content dslc-clearfix\"><div id=\"dslc-main\">\r\n\t\t\t<div  class=\"dslc-modules-section \" style=\"\" data-section-id=\"8e67dd6319f\">\r\n\t\t\t\t\r\n\t\t\t\t\r\n\t\t\t\t<div class=\"dslc-modules-section-wrapper dslc-clearfix\"><style type=\"text\/css\" id=\"dslca-modules-area-\"><\/style><div  class=\"dslc-modules-area dslc-col dslc-12-col dslc-last-col dslc-valign- \" data-size=\"12\" data-valign=\"\" data-modules-area-id=\"\" >\r\n\t\t<div id=\"dslc-module-b819245085c\" class=\"dslc-module-front dslc-module-DSLC_Text_Simple dslc-in-viewport-check dslc-in-viewport-anim-none  dslc-col dslc-12-col dslc-last-col  dslc-module-handle-like-regular \" data-module-id=\"b819245085c\" data-module=\"DSLC_Text_Simple\" data-dslc-module-size=\"12\" data-dslc-anim=\"none\" data-dslc-anim-delay=\"\" data-dslc-anim-duration=\"650\"  data-dslc-anim-easing=\"ease\" data-dslc-preset=\"none\" >\r\n\r\n\t\t\t\r\n\t\t\t\r\n\t\t\n\t\t<div class=\"dslc-text-module-content\">\n\t\t\t<p>Bonjour \u00e0 vous,<br><br>L\u2019\u00e9quipe d\u2019I4Technologies esp\u00e8re que vous et vos proches \u00eates en s\u00e9curit\u00e9 et en bonne sant\u00e9.<br><br>Compte tenu des circonstances auxquelles nous sommes tous confront\u00e9s, nous voulons simplement informer nos clients et amis que nous restons pleinement op\u00e9rationnels. Nous respectons les recommandations des autorit\u00e9s locales et assurons la s\u00e9curit\u00e9 de nos employ\u00e9s et de nos clients en travaillant \u00e0 distance.<br><br>La situation \u00e9volue constamment et les besoins de votre entreprise ont \u00e9galement chang\u00e9s. Alors que nous sommes tous encourag\u00e9s \u00e0 rester ou \u00e0 travailler \u00e0 domicile lorsque cela est possible, de nombreuses entreprises sont confront\u00e9es au d\u00e9fi de connecter leurs employ\u00e9s \u00e0 distance, afin qu'ils puissent travailler efficacement \u00e0 domicile. D'autres peuvent \u00eatre confront\u00e9s \u00e0 des difficult\u00e9s pour commencer \u00e0 vendre en ligne. Notre \u00e9quipe de professionnels est pr\u00eate \u00e0 vous aider \u00e0 relever ces d\u00e9fis.<br><br>Nous pouvons aider votre entreprise \u00e0 d\u00e9ployer une solution de t\u00e9l\u00e9travail et nous pouvons agir en tant que ressource TI ou assister vos \u00e9quipes d\u00e9j\u00e0 en place \u00e0 distance.<br><br>De plus, en raison de cette pand\u00e9mie, de nombreuses personnes se tournent vers le commerce \u00e9lectronique pour effectuer des achats en ligne. Nous pouvons vous aider \u00e0 mettre en place une plateforme Web de commerce \u00e9lectronique simple et vous assister \u00e0 populer celui-ci avec vos donn\u00e9es.<br><br>i4Technologies s'engage \u00e0 aider les propri\u00e9taires d'entreprise \u00e0 assurer la continuit\u00e9 de leurs activit\u00e9s, quel que soit le d\u00e9fi.<br><br>Nous vous invitons \u00e0 nous contacter pour de l'assistance.<br><br>Restez en s\u00e9curit\u00e9,<br>L'\u00e9quipe d'i4Technologies<br><br>T\u00e9l.:\u00a0 514-279-1388<br>Courriel:\u00a0<strong><a href=\"mailto:Info@i4t.ca\">info@i4t.ca<\/a><\/strong><\/p>\t\t<\/div>\n\n\t\t\r\n\t\t\t\t<\/div><!-- .dslc-module -->\r\n\t\t<\/div><\/div><\/div><\/div><\/div>","protected":false},"excerpt":{"rendered":"<p>Bonjour \u00e0 vous,L\u2019\u00e9quipe d\u2019I4Technologies esp\u00e8re que vous et vos proches \u00eates en s\u00e9curit\u00e9 et en bonne sant\u00e9.Compte tenu des circonstances auxquelles nous sommes tous confront\u00e9s, nous voulons simplement informer nos&nbsp;[&hellip;]<\/p>\n","protected":false},"author":1,"featured_media":0,"parent":0,"menu_order":0,"comment_status":"closed","ping_status":"closed","template":"page-templates\/page_builder.php","meta":{"footnotes":""},"class_list":["post-772","page","type-page","status-publish","hentry","clearfix"],"_links":{"self":[{"href":"https:\/\/i4t.ca\/fr\/wp-json\/wp\/v2\/pages\/772","targetHints":{"allow":["GET"]}}],"collection":[{"href":"https:\/\/i4t.ca\/fr\/wp-json\/wp\/v2\/pages"}],"about":[{"href":"https:\/\/i4t.ca\/fr\/wp-json\/wp\/v2\/types\/page"}],"author":[{"embeddable":true,"href":"https:\/\/i4t.ca\/fr\/wp-json\/wp\/v2\/users\/1"}],"replies":[{"embeddable":true,"href":"https:\/\/i4t.ca\/fr\/wp-json\/wp\/v2\/comments?post=772"}],"version-history":[{"count":0,"href":"https:\/\/i4t.ca\/fr\/wp-json\/wp\/v2\/pages\/772\/revisions"}],"wp:attachment":[{"href":"https:\/\/i4t.ca\/fr\/wp-json\/wp\/v2\/media?parent=772"}],"curies":[{"name":"wp","href":"https:\/\/api.w.org\/{rel}","templated":true}]}}